{"id":95,"date":"2019-10-07T09:58:09","date_gmt":"2019-10-07T07:58:09","guid":{"rendered":"http:\/\/www.nuage-radioactif.com\/?page_id=95"},"modified":"2019-10-07T09:58:09","modified_gmt":"2019-10-07T07:58:09","slug":"relance-a-madame-marisol-touraine-ministre-de-la-sante-31-aout-2016","status":"publish","type":"page","link":"https:\/\/www.nuage-radioactif.com\/?page_id=95","title":{"rendered":"Relance \u00e0 Madame Marisol Touraine, Ministre de la Sant\u00e9 31 ao\u00fbt 2016"},"content":{"rendered":"<p><a href=\"https:\/\/www.nuage-radioactif.com\/wp-content\/uploads\/2019\/10\/relance-marisol-touraine-3108.png\"><img loading=\"lazy\" decoding=\"async\" class=\"aligncenter size-full wp-image-96\" title=\"relance-marisol-touraine-3108\" src=\"https:\/\/www.nuage-radioactif.com\/wp-content\/uploads\/2019\/10\/relance-marisol-touraine-3108.png\" alt=\"\" width=\"500\" height=\"698\" \/><\/a><\/p>\n","protected":false},"excerpt":{"rendered":"","protected":false},"author":1,"featured_media":0,"parent":0,"menu_order":0,"comment_status":"closed","ping_status":"open","template":"","meta":{"footnotes":""},"class_list":["post-95","page","type-page","status-publish","hentry"],"_links":{"self":[{"href":"https:\/\/www.nuage-radioactif.com\/index.php?rest_route=\/wp\/v2\/pages\/95","targetHints":{"allow":["GET"]}}],"collection":[{"href":"https:\/\/www.nuage-radioactif.com\/index.php?rest_route=\/wp\/v2\/pages"}],"about":[{"href":"https:\/\/www.nuage-radioactif.com\/index.php?rest_route=\/wp\/v2\/types\/page"}],"author":[{"embeddable":true,"href":"https:\/\/www.nuage-radioactif.com\/index.php?rest_route=\/wp\/v2\/users\/1"}],"replies":[{"embeddable":true,"href":"https:\/\/www.nuage-radioactif.com\/index.php?rest_route=%2Fwp%2Fv2%2Fcomments&post=95"}],"version-history":[{"count":0,"href":"https:\/\/www.nuage-radioactif.com\/index.php?rest_route=\/wp\/v2\/pages\/95\/revisions"}],"wp:attachment":[{"href":"https:\/\/www.nuage-radioactif.com\/index.php?rest_route=%2Fwp%2Fv2%2Fmedia&parent=95"}],"curies":[{"name":"wp","href":"https:\/\/api.w.org\/{rel}","templated":true}]}}